{"id":19,"date":"2019-01-08T21:48:24","date_gmt":"2019-01-08T20:48:24","guid":{"rendered":"https:\/\/www.swattenbeek.de\/portal\/?page_id=19"},"modified":"2024-01-16T20:11:06","modified_gmt":"2024-01-16T19:11:06","slug":"wetter","status":"publish","type":"page","link":"https:\/\/swattenbeek.de\/portal\/wetter\/","title":{"rendered":"Wedder\u00f6versicht f\u00f6r Swattenbeek"},"content":{"rendered":"<table style=\"height: 720px;\">\n<tbody>\n<tr>\n<td align=\"center\" valign=\"top\"><iframe src=\"https:\/\/www.kruse-cloud.de\/ks-stuff\/wetter\/umweltbox-temp-luft-boden.php\" name=\"Temperaturen f\u00fcr Schwarzenbek\" height=\"195\" frameborder=\"0\" scrolling=\"no\"><\/iframe><br \/>\n<iframe src=\"https:\/\/www.kruse-cloud.de\/ks-stuff\/feinstaub\/umweltbox-luft.php\" name=\"Luftdaten f\u00fcr Schwarzenbek\" height=\"150\" frameborder=\"0\" scrolling=\"no\"><\/iframe><br \/>\n<iframe src=\"https:\/\/www.kruse-cloud.de\/ks-stuff\/wetter\/umweltbox-sonne.php\" name=\"Sonnenbrand Gefahr\" height=\"120\" frameborder=\"0\" scrolling=\"no\"><\/iframe><br \/>\n<iframe src=\"https:\/\/www.kruse-cloud.de\/ks-stuff\/wetter\/umweltbox-schnee.php\" name=\"Winterdienst f\u00fcr Schwarzenbek\" height=\"165\" frameborder=\"0\" scrolling=\"no\"><span style=\"display: inline-block; width: 0px; overflow: hidden; line-height: 0;\" data-mce-type=\"bookmark\" class=\"mce_SELRES_start\">\ufeff<\/span><\/iframe><br \/>\n<small><small>Quelle: Familie Kruse<\/small><\/small><\/td>\n<td align=\"center\" valign=\"top\"><iframe loading=\"lazy\" src=\"https:\/\/embed.windy.com\/embed2.html?lat=54.021&amp;lon=10.217&amp;zoom=7&amp;level=surface&amp;overlay=gust&amp;menu=&amp;message=&amp;marker=&amp;calendar=&amp;pressure=&amp;type=map&amp;location=coordinates&amp;detail=&amp;detailLat=53.357&amp;detailLon=11.569&amp;metricWind=default&amp;metricTemp=default&amp;radarRange=-1\" width=\"210\" height=\"300\" frameborder=\"0\"><\/iframe><br \/>\n<iframe loading=\"lazy\" src=\"https:\/\/embed.windy.com\/embed2.html?lat=54.034&amp;lon=10.118&amp;zoom=7&amp;level=surface&amp;overlay=rain&amp;menu=&amp;message=&amp;marker=&amp;calendar=&amp;pressure=&amp;type=map&amp;location=coordinates&amp;detail=&amp;detailLat=53.357&amp;detailLon=11.569&amp;metricWind=default&amp;metricTemp=default&amp;radarRange=-1\" width=\"210\" height=\"300\" frameborder=\"0\"><\/iframe><small><small><br \/>\nQuelle: windy.com<\/small><\/small><\/td>\n<\/tr>\n<\/tbody>\n<\/table>\n","protected":false},"excerpt":{"rendered":"<p>\ufeff Quelle: Familie Kruse Quelle: windy.com<\/p>\n","protected":false},"author":1,"featured_media":0,"parent":0,"menu_order":10,"comment_status":"closed","ping_status":"closed","template":"template-centered.php","meta":{"footnotes":""},"class_list":["post-19","page","type-page","status-publish","hentry"],"yoast_head":"<!-- This site is optimized with the Yoast SEO plugin v27.4 - https:\/\/yoast.com\/product\/yoast-seo-wordpress\/ -->\r\n<title>Wedder\u00f6versicht f\u00f6r Swattenbeek - Moin ut Swattenbeek<\/title>\r\n<meta name=\"description\" content=\"Wedder\u00f6versicht f\u00f6r Swattenbeek\" \/>\r\n<meta name=\"robots\" content=\"index, follow, max-snippet:-1, max-image-preview:large, max-video-preview:-1\" \/>\r\n<link rel=\"canonical\" href=\"https:\/\/swattenbeek.de\/portal\/wetter\/\" \/>\r\n<meta name=\"twitter:label1\" content=\"Gesch\u00e4tzte Lesezeit\" \/>\n\t<meta name=\"twitter:data1\" content=\"1\u00a0Minute\" \/>\r\n<script type=\"application\/ld+json\" class=\"yoast-schema-graph\">{\"@context\":\"https:\\\/\\\/schema.org\",\"@graph\":[{\"@type\":\"WebPage\",\"@id\":\"https:\\\/\\\/swattenbeek.de\\\/portal\\\/wetter\\\/\",\"url\":\"https:\\\/\\\/swattenbeek.de\\\/portal\\\/wetter\\\/\",\"name\":\"Wedder\u00f6versicht f\u00f6r Swattenbeek - Moin ut Swattenbeek\",\"isPartOf\":{\"@id\":\"https:\\\/\\\/swattenbeek.de\\\/portal\\\/#website\"},\"datePublished\":\"2019-01-08T20:48:24+00:00\",\"dateModified\":\"2024-01-16T19:11:06+00:00\",\"description\":\"Wedder\u00f6versicht f\u00f6r Swattenbeek\",\"breadcrumb\":{\"@id\":\"https:\\\/\\\/swattenbeek.de\\\/portal\\\/wetter\\\/#breadcrumb\"},\"inLanguage\":\"de\",\"potentialAction\":[{\"@type\":\"ReadAction\",\"target\":[\"https:\\\/\\\/swattenbeek.de\\\/portal\\\/wetter\\\/\"]}]},{\"@type\":\"BreadcrumbList\",\"@id\":\"https:\\\/\\\/swattenbeek.de\\\/portal\\\/wetter\\\/#breadcrumb\",\"itemListElement\":[{\"@type\":\"ListItem\",\"position\":1,\"name\":\"Startseite\",\"item\":\"https:\\\/\\\/swattenbeek.de\\\/portal\\\/\"},{\"@type\":\"ListItem\",\"position\":2,\"name\":\"Wedder\u00f6versicht f\u00f6r Swattenbeek\"}]},{\"@type\":\"WebSite\",\"@id\":\"https:\\\/\\\/swattenbeek.de\\\/portal\\\/#website\",\"url\":\"https:\\\/\\\/swattenbeek.de\\\/portal\\\/\",\"name\":\"Swattenbeek\",\"description\":\"Sleswig-Holsteen\",\"potentialAction\":[{\"@type\":\"SearchAction\",\"target\":{\"@type\":\"EntryPoint\",\"urlTemplate\":\"https:\\\/\\\/swattenbeek.de\\\/portal\\\/?s={search_term_string}\"},\"query-input\":{\"@type\":\"PropertyValueSpecification\",\"valueRequired\":true,\"valueName\":\"search_term_string\"}}],\"inLanguage\":\"de\"}]}<\/script>\r\n<!-- \/ Yoast SEO plugin. -->","yoast_head_json":{"title":"Wedder\u00f6versicht f\u00f6r Swattenbeek - Moin ut Swattenbeek","description":"Wedder\u00f6versicht f\u00f6r Swattenbeek","robots":{"index":"index","follow":"follow","max-snippet":"max-snippet:-1","max-image-preview":"max-image-preview:large","max-video-preview":"max-video-preview:-1"},"canonical":"https:\/\/swattenbeek.de\/portal\/wetter\/","twitter_misc":{"Gesch\u00e4tzte Lesezeit":"1\u00a0Minute"},"schema":{"@context":"https:\/\/schema.org","@graph":[{"@type":"WebPage","@id":"https:\/\/swattenbeek.de\/portal\/wetter\/","url":"https:\/\/swattenbeek.de\/portal\/wetter\/","name":"Wedder\u00f6versicht f\u00f6r Swattenbeek - Moin ut Swattenbeek","isPartOf":{"@id":"https:\/\/swattenbeek.de\/portal\/#website"},"datePublished":"2019-01-08T20:48:24+00:00","dateModified":"2024-01-16T19:11:06+00:00","description":"Wedder\u00f6versicht f\u00f6r Swattenbeek","breadcrumb":{"@id":"https:\/\/swattenbeek.de\/portal\/wetter\/#breadcrumb"},"inLanguage":"de","potentialAction":[{"@type":"ReadAction","target":["https:\/\/swattenbeek.de\/portal\/wetter\/"]}]},{"@type":"BreadcrumbList","@id":"https:\/\/swattenbeek.de\/portal\/wetter\/#breadcrumb","itemListElement":[{"@type":"ListItem","position":1,"name":"Startseite","item":"https:\/\/swattenbeek.de\/portal\/"},{"@type":"ListItem","position":2,"name":"Wedder\u00f6versicht f\u00f6r Swattenbeek"}]},{"@type":"WebSite","@id":"https:\/\/swattenbeek.de\/portal\/#website","url":"https:\/\/swattenbeek.de\/portal\/","name":"Swattenbeek","description":"Sleswig-Holsteen","potentialAction":[{"@type":"SearchAction","target":{"@type":"EntryPoint","urlTemplate":"https:\/\/swattenbeek.de\/portal\/?s={search_term_string}"},"query-input":{"@type":"PropertyValueSpecification","valueRequired":true,"valueName":"search_term_string"}}],"inLanguage":"de"}]}},"jetpack_shortlink":"https:\/\/wp.me\/PczD5s-j","jetpack_sharing_enabled":false,"_links":{"self":[{"href":"https:\/\/swattenbeek.de\/portal\/wp-json\/wp\/v2\/pages\/19","targetHints":{"allow":["GET"]}}],"collection":[{"href":"https:\/\/swattenbeek.de\/portal\/wp-json\/wp\/v2\/pages"}],"about":[{"href":"https:\/\/swattenbeek.de\/portal\/wp-json\/wp\/v2\/types\/page"}],"author":[{"embeddable":true,"href":"https:\/\/swattenbeek.de\/portal\/wp-json\/wp\/v2\/users\/1"}],"replies":[{"embeddable":true,"href":"https:\/\/swattenbeek.de\/portal\/wp-json\/wp\/v2\/comments?post=19"}],"version-history":[{"count":1,"href":"https:\/\/swattenbeek.de\/portal\/wp-json\/wp\/v2\/pages\/19\/revisions"}],"predecessor-version":[{"id":500,"href":"https:\/\/swattenbeek.de\/portal\/wp-json\/wp\/v2\/pages\/19\/revisions\/500"}],"wp:attachment":[{"href":"https:\/\/swattenbeek.de\/portal\/wp-json\/wp\/v2\/media?parent=19"}],"curies":[{"name":"wp","href":"https:\/\/api.w.org\/{rel}","templated":true}]}}